{"id":27,"date":"2023-03-26T17:10:02","date_gmt":"2023-03-26T17:10:02","guid":{"rendered":"https:\/\/latinogesalsajazz.com\/?page_id=27"},"modified":"2026-02-14T17:37:15","modified_gmt":"2026-02-14T17:37:15","slug":"home","status":"publish","type":"page","link":"https:\/\/latinogesalsajazz.com\/","title":{"rendered":"Home"},"content":{"rendered":"\t\t<div data-elementor-type=\"wp-page\" data-elementor-id=\"27\" class=\"elementor elementor-27\">\n\t\t\t\t\t\t\t\t\t<header class=\"elementor-section elementor-top-section elementor-element elementor-element-625ccb2 elementor-section-full_width elementor-section-height-default elementor-section-height-default\" data-id=\"625ccb2\" data-element_type=\"section\" data-settings=\"{&quot;background_background&quot;:&quot;slideshow&quot;,&quot;shape_divider_bottom&quot;:&quot;pyramids&quot;,&quot;background_slideshow_gallery&quot;:[{&quot;id&quot;:922,&quot;url&quot;:&quot;http:\\\/\\\/latinogesalsajazz.com\\\/wp-content\\\/uploads\\\/2026\\\/02\\\/San-Valentin.jpg&quot;},{&quot;id&quot;:750,&quot;url&quot;:&quot;http:\\\/\\\/latinogesalsajazz.com\\\/wp-content\\\/uploads\\\/2025\\\/12\\\/piece-9971434_1280.jpg&quot;},{&quot;id&quot;:76,&quot;url&quot;:&quot;http:\\\/\\\/latinogesalsajazz.com\\\/wp-content\\\/uploads\\\/2023\\\/03\\\/microphone-gbb753dd67_1280.jpg&quot;},{&quot;id&quot;:745,&quot;url&quot;:&quot;http:\\\/\\\/latinogesalsajazz.com\\\/wp-content\\\/uploads\\\/2025\\\/12\\\/song-7058726_1280.jpg&quot;},{&quot;id&quot;:739,&quot;url&quot;:&quot;http:\\\/\\\/latinogesalsajazz.com\\\/wp-content\\\/uploads\\\/2025\\\/12\\\/Latino-GE-salsa-Jazz.png&quot;},{&quot;id&quot;:747,&quot;url&quot;:&quot;http:\\\/\\\/latinogesalsajazz.com\\\/wp-content\\\/uploads\\\/2025\\\/12\\\/ai-generated-9200997_1280.jpg&quot;},{&quot;id&quot;:54,&quot;url&quot;:&quot;http:\\\/\\\/latinogesalsajazz.com\\\/wp-content\\\/uploads\\\/2023\\\/03\\\/studio-g3365f8d74_1280.jpg&quot;},{&quot;id&quot;:792,&quot;url&quot;:&quot;http:\\\/\\\/latinogesalsajazz.com\\\/wp-content\\\/uploads\\\/2026\\\/01\\\/djembe-2413970_1280.jpg&quot;}],&quot;background_slideshow_slide_duration&quot;:6000,&quot;background_slideshow_slide_transition&quot;:&quot;slide_left&quot;,&quot;background_slideshow_loop&quot;:&quot;yes&quot;,&quot;background_slideshow_transition_duration&quot;:500}\">\n\t\t\t\t\t\t\t<div class=\"elementor-background-overlay\"><\/div>\n\t\t\t\t\t\t<div class=\"elementor-shape elementor-shape-bottom\" data-negative=\"false\">\n\t\t\t<svg xmlns=\"http:\/\/www.w3.org\/2000\/svg\" viewBox=\"0 0 1000 100\" preserveAspectRatio=\"none\">\n\t<path class=\"elementor-shape-fill\" d=\"M761.9,44.1L643.1,27.2L333.8,98L0,3.8V0l1000,0v3.9\"\/>\n<\/svg>\t\t<\/div>\n\t\t\t\t\t<div class=\"elementor-container elementor-column-gap-default\">\n\t\t\t\t\t<div class=\"elementor-column elementor-col-100 elementor-top-column elementor-element elementor-element-f6ab406\" data-id=\"f6ab406\" data-element_type=\"column\">\n\t\t\t<div class=\"elementor-widget-wrap elementor-element-populated\">\n\t\t\t\t\t\t\t\t<div class=\"elementor-element elementor-element-03293b8 elementor-invisible elementor-widget elementor-widget-heading\" data-id=\"03293b8\" data-element_type=\"widget\" data-settings=\"{&quot;_animation&quot;:&quot;fadeIn&quot;}\" data-widget_type=\"heading.default\">\n\t\t\t\t<div class=\"elementor-widget-container\">\n\t\t\t<style>\/*! elementor - v3.7.4 - 31-08-2022 *\/\n.elementor-heading-title{padding:0;margin:0;line-height:1}.elementor-widget-heading .elementor-heading-title[class*=elementor-size-]>a{color:inherit;font-size:inherit;line-height:inherit}.elementor-widget-heading .elementor-heading-title.elementor-size-small{font-size:15px}.elementor-widget-heading .elementor-heading-title.elementor-size-medium{font-size:19px}.elementor-widget-heading .elementor-heading-title.elementor-size-large{font-size:29px}.elementor-widget-heading .elementor-heading-title.elementor-size-xl{font-size:39px}.elementor-widget-heading .elementor-heading-title.elementor-size-xxl{font-size:59px}<\/style><h1 class=\"elementor-heading-title elementor-size-small\">Latino GE Salsa Jazz Radio Online<\/h1>\t\t<\/div>\n\t\t\t\t<\/div>\n\t\t\t\t<div class=\"elementor-element elementor-element-171e9503 elementor-invisible elementor-widget elementor-widget-text-editor\" data-id=\"171e9503\" data-element_type=\"widget\" data-settings=\"{&quot;_animation&quot;:&quot;fadeIn&quot;}\" data-widget_type=\"text-editor.default\">\n\t\t\t\t<div class=\"elementor-widget-container\">\n\t\t\t<style>\/*! elementor - v3.7.4 - 31-08-2022 *\/\n.elementor-widget-text-editor.elementor-drop-cap-view-stacked .elementor-drop-cap{background-color:#818a91;color:#fff}.elementor-widget-text-editor.elementor-drop-cap-view-framed .elementor-drop-cap{color:#818a91;border:3px solid;background-color:transparent}.elementor-widget-text-editor:not(.elementor-drop-cap-view-default) .elementor-drop-cap{margin-top:8px}.elementor-widget-text-editor:not(.elementor-drop-cap-view-default) .elementor-drop-cap-letter{width:1em;height:1em}.elementor-widget-text-editor .elementor-drop-cap{float:left;text-align:center;line-height:1;font-size:50px}.elementor-widget-text-editor .elementor-drop-cap-letter{display:inline-block}<\/style>\t\t\t\t<p><span style=\"vertical-align: inherit;\"><span style=\"vertical-align: inherit;\">Estamos en <strong>Bogot\u00e1 &#8211; Colombia<\/strong>, Promovemos la m\u00fasica latina como parte de nuestras ra\u00edces, <strong>Salsa y Lat\u00edn Jazz<\/strong> <strong>ONLINE. <\/strong>M\u00fasica para tu Esp\u00edritu. <strong>#SomosLatinos<\/strong><\/span><\/span><\/p>\t\t\t\t\t\t<\/div>\n\t\t\t\t<\/div>\n\t\t\t\t<div class=\"elementor-element elementor-element-2f83c33 elementor-widget elementor-widget-html\" data-id=\"2f83c33\" data-element_type=\"widget\" data-widget_type=\"html.default\">\n\t\t\t\t<div class=\"elementor-widget-container\">\n\t\t\t<iframe loading=\"lazy\" src=\"https:\/\/zeno.fm\/player\/latino-ge-salsa-jazz\" width=\"150\" height=\"100\" frameborder=\"0\" scrolling=\"no\"><\/iframe><a href=\"https:\/\/zeno.fm\/\" target=\"_blank\" style=\"display: block; font-size: 0.9em; line-height: 10px;\">A Zeno.FM Station<\/a>\t\t<\/div>\n\t\t\t\t<\/div>\n\t\t\t\t<div class=\"elementor-element elementor-element-1e35862 elementor-invisible elementor-widget elementor-widget-text-editor\" data-id=\"1e35862\" data-element_type=\"widget\" data-settings=\"{&quot;_animation&quot;:&quot;fadeIn&quot;}\" data-widget_type=\"text-editor.default\">\n\t\t\t\t<div class=\"elementor-widget-container\">\n\t\t\t\t\t\t\t\t\t\t\t\t\t<\/div>\n\t\t\t\t<\/div>\n\t\t\t\t\t<\/div>\n\t\t<\/div>\n\t\t\t\t\t\t\t<\/div>\n\t\t<\/header>\n\t\t\t\t<section class=\"elementor-section elementor-top-section elementor-element elementor-element-4b5e696e elementor-section-full_width elementor-section-height-min-height elementor-section-items-top elementor-section-content-top elementor-section-height-default\" data-id=\"4b5e696e\" data-element_type=\"section\" data-settings=\"{&quot;background_background&quot;:&quot;classic&quot;}\">\n\t\t\t\t\t\t<div class=\"elementor-container elementor-column-gap-default\">\n\t\t\t\t\t<div class=\"elementor-column elementor-col-100 elementor-top-column elementor-element elementor-element-39d66203\" data-id=\"39d66203\" data-element_type=\"column\">\n\t\t\t<div class=\"elementor-widget-wrap elementor-element-populated\">\n\t\t\t\t\t\t\t\t<div class=\"elementor-element elementor-element-c4088b7 elementor-invisible elementor-widget elementor-widget-heading\" data-id=\"c4088b7\" data-element_type=\"widget\" data-settings=\"{&quot;_animation&quot;:&quot;fadeIn&quot;}\" data-widget_type=\"heading.default\">\n\t\t\t\t<div class=\"elementor-widget-container\">\n\t\t\t<h2 class=\"elementor-heading-title elementor-size-default\">Salsa y Lat\u00edn Jazz ONLINE No Comercial<\/h2>\t\t<\/div>\n\t\t\t\t<\/div>\n\t\t\t\t<section class=\"elementor-section elementor-inner-section elementor-element elementor-element-5d4d3bbf elementor-section-full_width elementor-section-height-min-height elementor-section-height-default\" data-id=\"5d4d3bbf\" data-element_type=\"section\">\n\t\t\t\t\t\t<div class=\"elementor-container elementor-column-gap-default\">\n\t\t\t\t\t<div class=\"elementor-column elementor-col-100 elementor-inner-column elementor-element elementor-element-289c861a elementor-invisible\" data-id=\"289c861a\" data-element_type=\"column\" data-settings=\"{&quot;animation&quot;:&quot;fadeIn&quot;,&quot;animation_delay&quot;:500}\">\n\t\t\t<div class=\"elementor-widget-wrap elementor-element-populated\">\n\t\t\t\t\t\t\t\t<div class=\"elementor-element elementor-element-fe1879a elementor-widget elementor-widget-text-editor\" data-id=\"fe1879a\" data-element_type=\"widget\" data-widget_type=\"text-editor.default\">\n\t\t\t\t<div class=\"elementor-widget-container\">\n\t\t\t\t\t\t\t<p><span dir=\"auto\" style=\"vertical-align: inherit;\"><span dir=\"auto\" style=\"vertical-align: inherit;\">La mejor selecci\u00f3n de Salsa y Lat\u00edn Jazz, aqu\u00ed en Latino GE Salsa Jazz, Eddie Palmieri, Poncho Sanchez, Papo Lucca, Pedrito Martinez, Richard Bona, Tony Succar, Cal Tjader, Grupo Latin Vibe, Carlos Henriquez, Mongo Santamaria, Potato,Chucho Valdes, Van Van, Charanga Habanera, Gonzalo Grau, Havana de Primera, Machito, Fania&#8230;. Y Muchos m\u00e1s\u2026 Presenta DJ Engioma, desde la capital de Colombia, Bogot\u00e1, 2.600 Mts m\u00e1s cerca del Cielo. Este es un sitio que promueve la cultura latina, Salsa, Timba, Songo, Son Cubano, Bolero, Charanga, FolKlor, Lat\u00edn Jazz&#8230;M\u00fasica no Comercial, Radio Online. Tambi\u00e9n estamos en <\/span><\/span><span dir=\"auto\" style=\"vertical-align: inherit;\"><span dir=\"auto\" style=\"vertical-align: inherit;\"><a href=\"https:\/\/tunein.com\/radio\/Latino-GE-Salsa-Jazz-s331600\/?lang=es\">TUNEIN<\/a>, <a href=\"https:\/\/es.streema.com\/radios\/Latino_GE_Salsa_Jazz\">STREEMA<\/a> , <a href=\"https:\/\/raddio.net\/381385-latino-ge-salsa-jazz\/\">RADDIO NET<\/a>, <a href=\"https:\/\/onlineradiobox.com\/co\/latinogesalsajazz\/\">RADIOBOX<\/a><\/span><\/span><span dir=\"auto\" style=\"vertical-align: inherit;\"><span dir=\"auto\" style=\"vertical-align: inherit;\"> y <\/span><\/span><a href=\"https:\/\/zeno.fm\/radio\/latino-ge-salsa-jazz\/\"><span dir=\"auto\" style=\"vertical-align: inherit;\"><span dir=\"auto\" style=\"vertical-align: inherit;\">ZENO RADIO<\/span><\/span><\/a><span dir=\"auto\" style=\"vertical-align: inherit;\"><span dir=\"auto\" style=\"vertical-align: inherit;\"> Somos <\/span><\/span><a href=\"https:\/\/latinogesalsajazz.com\/\"><strong><span dir=\"auto\" style=\"vertical-align: inherit;\"><span dir=\"auto\" style=\"vertical-align: inherit;\">LATINO GE SALSA JAZZ &#8211; Grupo GONG<\/span><\/span><\/strong><\/a><\/p>\t\t\t\t\t\t<\/div>\n\t\t\t\t<\/div>\n\t\t\t\t\t<\/div>\n\t\t<\/div>\n\t\t\t\t\t\t\t<\/div>\n\t\t<\/section>\n\t\t\t\t<div class=\"elementor-element elementor-element-689ddd2 elementor-align-center elementor-widget elementor-widget-button\" data-id=\"689ddd2\" data-element_type=\"widget\" data-widget_type=\"button.default\">\n\t\t\t\t<div class=\"elementor-widget-container\">\n\t\t\t\t\t<div class=\"elementor-button-wrapper\">\n\t\t\t<a href=\"https:\/\/latinogesalsajazz.com\/index.php\/news\/\" class=\"elementor-button-link elementor-button elementor-size-sm elementor-animation-shrink\" role=\"button\">\n\t\t\t\t\t\t<span class=\"elementor-button-content-wrapper\">\n\t\t\t\t\t\t<span class=\"elementor-button-text\">Que hay de nuevo<\/span>\n\t\t<\/span>\n\t\t\t\t\t<\/a>\n\t\t<\/div>\n\t\t\t\t<\/div>\n\t\t\t\t<\/div>\n\t\t\t\t\t<\/div>\n\t\t<\/div>\n\t\t\t\t\t\t\t<\/div>\n\t\t<\/section>\n\t\t\t\t<section class=\"elementor-section elementor-top-section elementor-element elementor-element-628eafaf elementor-section-height-min-height elementor-section-full_width elementor-section-height-default elementor-section-items-middle\" data-id=\"628eafaf\" data-element_type=\"section\" data-settings=\"{&quot;background_background&quot;:&quot;classic&quot;,&quot;shape_divider_top&quot;:&quot;pyramids&quot;}\">\n\t\t\t\t\t\t\t<div class=\"elementor-background-overlay\"><\/div>\n\t\t\t\t\t\t<div class=\"elementor-shape elementor-shape-top\" data-negative=\"false\">\n\t\t\t<svg xmlns=\"http:\/\/www.w3.org\/2000\/svg\" viewBox=\"0 0 1000 100\" preserveAspectRatio=\"none\">\n\t<path class=\"elementor-shape-fill\" d=\"M761.9,44.1L643.1,27.2L333.8,98L0,3.8V0l1000,0v3.9\"\/>\n<\/svg>\t\t<\/div>\n\t\t\t\t\t<div class=\"elementor-container elementor-column-gap-default\">\n\t\t\t\t\t<div class=\"elementor-column elementor-col-100 elementor-top-column elementor-element elementor-element-4f4faf6d\" data-id=\"4f4faf6d\" data-element_type=\"column\">\n\t\t\t<div class=\"elementor-widget-wrap elementor-element-populated\">\n\t\t\t\t\t\t\t\t<div class=\"elementor-element elementor-element-0f7d151 elementor-widget elementor-widget-spacer\" data-id=\"0f7d151\" data-element_type=\"widget\" data-widget_type=\"spacer.default\">\n\t\t\t\t<div class=\"elementor-widget-container\">\n\t\t\t<style>\/*! elementor - v3.7.4 - 31-08-2022 *\/\n.elementor-column .elementor-spacer-inner{height:var(--spacer-size)}.e-container{--container-widget-width:100%}.e-container>.elementor-widget-spacer{width:var(--container-widget-width,var(--spacer-size));-ms-flex-item-align:stretch;align-self:stretch;-ms-flex-negative:0;flex-shrink:0}.e-container>.elementor-widget-spacer>.elementor-widget-container,.e-container>.elementor-widget-spacer>.elementor-widget-container>.elementor-spacer{height:100%}.e-container>.elementor-widget-spacer>.elementor-widget-container>.elementor-spacer>.elementor-spacer-inner{height:var(--container-widget-height,var(--spacer-size))}<\/style>\t\t<div class=\"elementor-spacer\">\n\t\t\t<div class=\"elementor-spacer-inner\"><\/div>\n\t\t<\/div>\n\t\t\t\t<\/div>\n\t\t\t\t<\/div>\n\t\t\t\t<div class=\"elementor-element elementor-element-d66ffac elementor-invisible elementor-widget elementor-widget-heading\" data-id=\"d66ffac\" data-element_type=\"widget\" data-settings=\"{&quot;_animation&quot;:&quot;fadeIn&quot;}\" data-widget_type=\"heading.default\">\n\t\t\t\t<div class=\"elementor-widget-container\">\n\t\t\t<h2 class=\"elementor-heading-title elementor-size-default\">Latino GE Salsa Jazz<\/h2>\t\t<\/div>\n\t\t\t\t<\/div>\n\t\t\t\t<div class=\"elementor-element elementor-element-34594aaa elementor-invisible elementor-widget elementor-widget-text-editor\" data-id=\"34594aaa\" data-element_type=\"widget\" data-settings=\"{&quot;_animation&quot;:&quot;fadeIn&quot;}\" data-widget_type=\"text-editor.default\">\n\t\t\t\t<div class=\"elementor-widget-container\">\n\t\t\t\t\t\t\t<p>La m\u00fasica es el idioma m\u00e1s perfecto que ha creado el ser humano, con ella podr\u00e1s expresar todo lo que no puedes escribir por falta de s\u00edmbolos (Hasta el silencio). Podr\u00e1s expresar hasta los sentimientos m\u00e1s profundos. La m\u00fasica es el camino directo para colocar, a dialogar a tu interior, tu fe, tu amor, tus miedos, tus sue\u00f1os\u2026 Con tu Dios. Todo en una sola conversaci\u00f3n. <strong>Latino GE Salsa Jazz #MusicaparatuEspiritu<\/strong><\/p>\t\t\t\t\t\t<\/div>\n\t\t\t\t<\/div>\n\t\t\t\t<div class=\"elementor-element elementor-element-45faaf0 elementor-invisible elementor-widget elementor-widget-text-editor\" data-id=\"45faaf0\" data-element_type=\"widget\" data-settings=\"{&quot;_animation&quot;:&quot;fadeIn&quot;}\" data-widget_type=\"text-editor.default\">\n\t\t\t\t<div class=\"elementor-widget-container\">\n\t\t\t\t\t\t\t<p><span style=\"vertical-align: inherit;\"><span style=\"vertical-align: inherit;\">Salsa, Latin Jazz, Son Cubano, Timba, Bolero&#8230; <strong>Musica Latina no comercial.<\/strong>\u00a0<\/span><\/span><\/p>\t\t\t\t\t\t<\/div>\n\t\t\t\t<\/div>\n\t\t\t\t<div class=\"elementor-element elementor-element-5ba332e2 elementor-align-center elementor-widget elementor-widget-button\" data-id=\"5ba332e2\" data-element_type=\"widget\" data-widget_type=\"button.default\">\n\t\t\t\t<div class=\"elementor-widget-container\">\n\t\t\t\t\t<div class=\"elementor-button-wrapper\">\n\t\t\t<a href=\"https:\/\/latinogesalsajazz.com\/index.php\/programas\/\" class=\"elementor-button-link elementor-button elementor-size-sm elementor-animation-shrink\" role=\"button\">\n\t\t\t\t\t\t<span class=\"elementor-button-content-wrapper\">\n\t\t\t\t\t\t<span class=\"elementor-button-text\">Programacion<\/span>\n\t\t<\/span>\n\t\t\t\t\t<\/a>\n\t\t<\/div>\n\t\t\t\t<\/div>\n\t\t\t\t<\/div>\n\t\t\t\t\t<\/div>\n\t\t<\/div>\n\t\t\t\t\t\t\t<\/div>\n\t\t<\/section>\n\t\t\t\t\t\t\t<\/div>\n\t\t","protected":false},"excerpt":{"rendered":"<p>Latino GE Salsa Jazz Radio Online Estamos en Bogot\u00e1 &#8211; Colombia, Promovemos la m\u00fasica latina como parte de nuestras ra\u00edces, Salsa y Lat\u00edn Jazz ONLINE. M\u00fasica para tu Esp\u00edritu. #SomosLatinos A Zeno.FM Station Salsa y Lat\u00edn Jazz ONLINE No Comercial La mejor selecci\u00f3n de Salsa y Lat\u00edn Jazz, aqu\u00ed en Latino GE Salsa Jazz, Eddie &hellip;<\/p>\n<p class=\"read-more\"> <a class=\"\" href=\"https:\/\/latinogesalsajazz.com\/\"> <span class=\"screen-reader-text\">Home<\/span> Read More &raquo;<\/a><\/p>\n","protected":false},"author":1,"featured_media":0,"parent":0,"menu_order":0,"comment_status":"closed","ping_status":"closed","template":"","meta":{"om_disable_all_campaigns":false,"_monsterinsights_skip_tracking":false,"_monsterinsights_sitenote_active":false,"_monsterinsights_sitenote_note":"","_monsterinsights_sitenote_category":0,"site-sidebar-layout":"no-sidebar","site-content-layout":"page-builder","ast-global-header-display":"","ast-main-header-display":"","ast-hfb-above-header-display":"","ast-hfb-below-header-display":"","ast-hfb-mobile-header-display":"","site-post-title":"disabled","ast-breadcrumbs-content":"","ast-featured-img":"disabled","footer-sml-layout":"","theme-transparent-header-meta":"","adv-header-id-meta":"","stick-header-meta":"","header-above-stick-meta":"","header-main-stick-meta":"","header-below-stick-meta":"","footnotes":""},"class_list":["post-27","page","type-page","status-publish","hentry"],"aioseo_notices":[],"_links":{"self":[{"href":"https:\/\/latinogesalsajazz.com\/index.php\/wp-json\/wp\/v2\/pages\/27"}],"collection":[{"href":"https:\/\/latinogesalsajazz.com\/index.php\/wp-json\/wp\/v2\/pages"}],"about":[{"href":"https:\/\/latinogesalsajazz.com\/index.php\/wp-json\/wp\/v2\/types\/page"}],"author":[{"embeddable":true,"href":"https:\/\/latinogesalsajazz.com\/index.php\/wp-json\/wp\/v2\/users\/1"}],"replies":[{"embeddable":true,"href":"https:\/\/latinogesalsajazz.com\/index.php\/wp-json\/wp\/v2\/comments?post=27"}],"version-history":[{"count":260,"href":"https:\/\/latinogesalsajazz.com\/index.php\/wp-json\/wp\/v2\/pages\/27\/revisions"}],"predecessor-version":[{"id":929,"href":"https:\/\/latinogesalsajazz.com\/index.php\/wp-json\/wp\/v2\/pages\/27\/revisions\/929"}],"wp:attachment":[{"href":"https:\/\/latinogesalsajazz.com\/index.php\/wp-json\/wp\/v2\/media?parent=27"}],"curies":[{"name":"wp","href":"https:\/\/api.w.org\/{rel}","templated":true}]}}